{"id":2350,"date":"2026-01-07T18:24:40","date_gmt":"2026-01-07T18:24:40","guid":{"rendered":"https:\/\/sentrimax.com\/?page_id=2350"},"modified":"2026-04-21T21:12:49","modified_gmt":"2026-04-21T21:12:49","slug":"municipal-wastewater-centrifuge-repair-detroit-mi","status":"publish","type":"page","link":"https:\/\/sentrimax.com\/fr\/municipal-wastewater-centrifuge-repair-detroit-mi\/","title":{"rendered":"R\u00e9paration de centrifugeuses pour eaux us\u00e9es municipales \u00e0 D\u00e9troit, Michigan"},"content":{"rendered":"<p data-start=\"524\" data-end=\"991\"><span class=\"hover:entity-accent entity-underline inline cursor-pointer align-baseline\"><span class=\"whitespace-normal\"><img fetchpriority=\"high\" decoding=\"async\" class=\"aligncenter size-full wp-image-1610\" src=\"https:\/\/sentrimax.com\/wp-content\/uploads\/2025\/07\/Chemicals-scaled.jpg\" alt=\"\" width=\"2560\" height=\"1748\" srcset=\"https:\/\/sentrimax.com\/wp-content\/uploads\/2025\/07\/Chemicals-scaled.jpg 2560w, https:\/\/sentrimax.com\/wp-content\/uploads\/2025\/07\/Chemicals-300x205.jpg 300w, https:\/\/sentrimax.com\/wp-content\/uploads\/2025\/07\/Chemicals-1024x699.jpg 1024w, https:\/\/sentrimax.com\/wp-content\/uploads\/2025\/07\/Chemicals-768x524.jpg 768w, https:\/\/sentrimax.com\/wp-content\/uploads\/2025\/07\/Chemicals-1536x1049.jpg 1536w, https:\/\/sentrimax.com\/wp-content\/uploads\/2025\/07\/Chemicals-2048x1398.jpg 2048w, https:\/\/sentrimax.com\/wp-content\/uploads\/2025\/07\/Chemicals-600x410.jpg 600w\" sizes=\"(max-width: 2560px) 100vw, 2560px\" \/><\/span><\/span><\/p>\n<p data-start=\"524\" data-end=\"991\"><span class=\"hover:entity-accent entity-underline inline cursor-pointer align-baseline\"><span class=\"whitespace-normal\">Sentrimax<\/span><\/span> Sentrimax propose des services professionnels de r\u00e9paration de centrifugeuses pour stations d&#039;\u00e9puration des eaux us\u00e9es municipales \u00e0 Detroit, Michigan. L&#039;entreprise soutient les stations d&#039;\u00e9puration qui d\u00e9pendent d&#039;une s\u00e9paration fiable des solides pour garantir la conformit\u00e9, l&#039;efficacit\u00e9 et la continuit\u00e9 de leurs op\u00e9rations. Forte de plusieurs d\u00e9cennies d&#039;exp\u00e9rience dans la maintenance de syst\u00e8mes de centrifugeuses en Am\u00e9rique du Nord, Sentrimax offre des solutions de r\u00e9paration fiables, con\u00e7ues sp\u00e9cifiquement pour r\u00e9pondre aux exigences rigoureuses des op\u00e9rations d&#039;\u00e9puration des eaux us\u00e9es municipales.<\/p>\n<p data-start=\"993\" data-end=\"1391\">Les centrifugeuses de traitement des eaux us\u00e9es municipales jouent un r\u00f4le crucial dans la d\u00e9shydratation des boues, le traitement des biosolides et la r\u00e9duction du volume des mati\u00e8res solides. En cas de panne m\u00e9canique ou de perte de performance, la capacit\u00e9 de traitement peut \u00eatre r\u00e9duite et les risques r\u00e9glementaires accrus. Sentrimax propose des services de r\u00e9paration sp\u00e9cialis\u00e9s qui r\u00e9tablissent la fiabilit\u00e9 des centrifugeuses tout en minimisant les temps d&#039;arr\u00eat et les perturbations op\u00e9rationnelles.<\/p>\n<hr data-start=\"1393\" data-end=\"1396\" \/>\n<h2 data-start=\"1398\" data-end=\"1470\"><strong data-start=\"1401\" data-end=\"1470\">R\u00e9paration sp\u00e9cialis\u00e9e de centrifugeuses pour les stations d&#039;\u00e9puration municipales<\/strong><\/h2>\n<p data-start=\"1472\" data-end=\"1878\">Les centrifugeuses pour eaux us\u00e9es fonctionnent en continu dans des environnements difficiles, caract\u00e9ris\u00e9s par la pr\u00e9sence de particules abrasives, des conditions d&#039;alimentation variables et des contraintes m\u00e9caniques \u00e9lev\u00e9es. Avec le temps, l&#039;usure des roulements, des joints, des r\u00e9ducteurs et des ensembles rotatifs peut compromettre l&#039;efficacit\u00e9 de la s\u00e9paration et la s\u00e9curit\u00e9 de l&#039;\u00e9quipement. Sentrimax est sp\u00e9cialis\u00e9e dans le diagnostic et la r\u00e9paration des probl\u00e8mes de centrifugeuses fr\u00e9quemment rencontr\u00e9s dans les stations d&#039;\u00e9puration municipales.<\/p>\n<p data-start=\"1880\" data-end=\"2149\">Nos services de r\u00e9paration comprennent l&#039;inspection, le diagnostic, le d\u00e9montage m\u00e9canique, la r\u00e9paration ou le remplacement des composants, le remontage et les tests fonctionnels. Chaque r\u00e9paration est effectu\u00e9e avec des composants conformes aux sp\u00e9cifications du fabricant ou des composants de remplacement con\u00e7us par des ing\u00e9nieurs afin de garantir la compatibilit\u00e9 et la durabilit\u00e9.<\/p>\n<p data-start=\"2151\" data-end=\"2546\">Les centrifugeuses utilisent la force centrifuge, un \u00e9quilibrage pr\u00e9cis et une vitesse diff\u00e9rentielle contr\u00f4l\u00e9e pour s\u00e9parer efficacement les solides des liquides. M\u00eame de l\u00e9gers d\u00e9fauts m\u00e9caniques peuvent entra\u00eener des vibrations, une diminution des performances de d\u00e9shydratation ou une usure acc\u00e9l\u00e9r\u00e9e s&#039;ils ne sont pas corrig\u00e9s rapidement.<br data-start=\"2421\" data-end=\"2424\" \/>Des informations techniques suppl\u00e9mentaires sur le fonctionnement des centrifugeuses sont disponibles \u00e0 l&#039;adresse suivante\u00a0:<br data-start=\"2495\" data-end=\"2498\" \/><a class=\"decorated-link\" href=\"https:\/\/www.britannica.com\/technology\/centrifuge\" target=\"_new\" rel=\"noopener\" data-start=\"2498\" data-end=\"2546\">https:\/\/www.britannica.com\/technology\/centrifuge<\/a><\/p>\n<hr data-start=\"2548\" data-end=\"2551\" \/>\n<h2 data-start=\"2553\" data-end=\"2604\"><strong data-start=\"2556\" data-end=\"2604\">Probl\u00e8mes courants de centrifugeuse \u00e0 eaux us\u00e9es r\u00e9solus<\/strong><\/h2>\n<p data-start=\"2606\" data-end=\"2719\">Les techniciens de r\u00e9paration de Sentrimax traitent r\u00e9guli\u00e8rement les probl\u00e8mes rencontr\u00e9s dans les centrifugeuses d&#039;eaux us\u00e9es municipales, notamment\u00a0:<\/p>\n<ul data-start=\"2721\" data-end=\"2934\">\n<li data-start=\"2721\" data-end=\"2762\">\n<p data-start=\"2723\" data-end=\"2762\">Vibrations excessives ou bruits anormaux<\/p>\n<\/li>\n<li data-start=\"2763\" data-end=\"2794\">\n<p data-start=\"2765\" data-end=\"2794\">S\u00e9chage r\u00e9duit des g\u00e2teaux de boues<\/p>\n<\/li>\n<li data-start=\"2795\" data-end=\"2823\">\n<p data-start=\"2797\" data-end=\"2823\">d\u00e9faillances de roulements ou de joints<\/p>\n<\/li>\n<li data-start=\"2824\" data-end=\"2857\">\n<p data-start=\"2826\" data-end=\"2857\">usure de la bo\u00eete de vitesses et du syst\u00e8me de transmission<\/p>\n<\/li>\n<li data-start=\"2858\" data-end=\"2891\">\n<p data-start=\"2860\" data-end=\"2891\">Pannes du syst\u00e8me de lubrification<\/p>\n<\/li>\n<li data-start=\"2892\" data-end=\"2934\">\n<p data-start=\"2894\" data-end=\"2934\">Usure structurelle dans les ensembles rotatifs<\/p>\n<\/li>\n<\/ul>\n<p data-start=\"2936\" data-end=\"3084\">Gr\u00e2ce \u00e0 une inspection d\u00e9taill\u00e9e et \u00e0 une analyse des causes profondes, Sentrimax s&#039;assure que les r\u00e9parations corrigent \u00e0 la fois les d\u00e9faillances imm\u00e9diates et les facteurs op\u00e9rationnels contributifs.<\/p>\n<hr data-start=\"3086\" data-end=\"3089\" \/>\n<h2 data-start=\"3091\" data-end=\"3150\"><strong data-start=\"3094\" data-end=\"3150\">Pourquoi la r\u00e9paration professionnelle des centrifugeuses municipales est importante<\/strong><\/h2>\n<p data-start=\"3152\" data-end=\"3342\">Le bon fonctionnement des centrifugeuses est essentiel pour r\u00e9pondre aux exigences de capacit\u00e9 de traitement et aux normes r\u00e9glementaires. Les services professionnels de r\u00e9paration de centrifugeuses pour eaux us\u00e9es propos\u00e9s par Sentrimax aident les municipalit\u00e9s\u00a0:<\/p>\n<ul data-start=\"3344\" data-end=\"3587\">\n<li data-start=\"3344\" data-end=\"3397\">\n<p data-start=\"3346\" data-end=\"3397\">Maintenir des performances de d\u00e9shydratation des boues constantes<\/p>\n<\/li>\n<li data-start=\"3398\" data-end=\"3449\">\n<p data-start=\"3400\" data-end=\"3449\">R\u00e9duire les temps d&#039;arr\u00eat non planifi\u00e9s et les pannes d&#039;urgence<\/p>\n<\/li>\n<li data-start=\"3450\" data-end=\"3484\">\n<p data-start=\"3452\" data-end=\"3484\">Prolongez la dur\u00e9e de vie de la centrifugeuse<\/p>\n<\/li>\n<li data-start=\"3485\" data-end=\"3533\">\n<p data-start=\"3487\" data-end=\"3533\">\u00c9vitez les probl\u00e8mes co\u00fbteux de r\u00e9glementation ou de conformit\u00e9<\/p>\n<\/li>\n<li data-start=\"3534\" data-end=\"3587\">\n<p data-start=\"3536\" data-end=\"3587\">Ma\u00eetriser les co\u00fbts d&#039;entretien et d&#039;exploitation \u00e0 long terme<\/p>\n<\/li>\n<\/ul>\n<p data-start=\"3589\" data-end=\"3819\">Retarder les r\u00e9parations ou recourir \u00e0 des solutions temporaires peut entra\u00eener une usure accrue, des probl\u00e8mes de s\u00e9curit\u00e9 et des co\u00fbts de r\u00e9paration plus \u00e9lev\u00e9s. Sentrimax applique des m\u00e9thodes de r\u00e9paration \u00e9prouv\u00e9es et un contr\u00f4le qualit\u00e9 rigoureux pour offrir des solutions durables et p\u00e9rennes.<\/p>\n<hr data-start=\"3821\" data-end=\"3824\" \/>\n<h2 data-start=\"3826\" data-end=\"3872\"><strong data-start=\"3829\" data-end=\"3872\">Capacit\u00e9s de r\u00e9paration municipales de Sentrimax<\/strong><\/h2>\n<p data-start=\"3874\" data-end=\"4061\">Sentrimax propose des services complets de r\u00e9paration de centrifugeuses pour le traitement des eaux us\u00e9es municipales, s&#039;appuyant sur une expertise de pointe en usinage et en ing\u00e9nierie, ainsi que sur des syst\u00e8mes de qualit\u00e9 certifi\u00e9s. Ses capacit\u00e9s comprennent\u00a0:<\/p>\n<ul data-start=\"4063\" data-end=\"4354\">\n<li data-start=\"4063\" data-end=\"4110\">\n<p data-start=\"4065\" data-end=\"4110\">D\u00e9montage et inspection complets de la centrifugeuse<\/p>\n<\/li>\n<li data-start=\"4111\" data-end=\"4173\">\n<p data-start=\"4113\" data-end=\"4173\">r\u00e9paration ou remplacement des roulements, des joints et des ensembles rotatifs<\/p>\n<\/li>\n<li data-start=\"4174\" data-end=\"4210\">\n<p data-start=\"4176\" data-end=\"4210\">Service de bo\u00eete de vitesses et de syst\u00e8me de transmission<\/p>\n<\/li>\n<li data-start=\"4211\" data-end=\"4256\">\n<p data-start=\"4213\" data-end=\"4256\">Alignement de pr\u00e9cision et \u00e9quilibrage dynamique<\/p>\n<\/li>\n<li data-start=\"4257\" data-end=\"4302\">\n<p data-start=\"4259\" data-end=\"4302\">Diagnostic des syst\u00e8mes \u00e9lectriques et de contr\u00f4le<\/p>\n<\/li>\n<li data-start=\"4303\" data-end=\"4354\">\n<p data-start=\"4305\" data-end=\"4354\">Tests fonctionnels et v\u00e9rification des performances<\/p>\n<\/li>\n<\/ul>\n<p data-start=\"4356\" data-end=\"4501\">Pour les composants obsol\u00e8tes ou difficiles \u00e0 trouver, Sentrimax propose des solutions de fabrication sur mesure et de r\u00e9tro-ing\u00e9nierie afin de r\u00e9tablir leur pleine fonctionnalit\u00e9.<\/p>\n<p data-start=\"4503\" data-end=\"4599\">Apprenez-en davantage sur les capacit\u00e9s de r\u00e9paration et d&#039;entretien des centrifugeuses sur<br data-start=\"4565\" data-end=\"4568\" \/><a class=\"decorated-link\" href=\"https:\/\/sentrimax.com\/fr\/services\/?utm_source=chatgpt.com\" target=\"_new\" rel=\"noopener\" data-start=\"4568\" data-end=\"4599\">https:\/\/sentrimax.com\/services\/<\/a><\/p>\n<hr data-start=\"4601\" data-end=\"4604\" \/>\n<h2 data-start=\"4606\" data-end=\"4656\"><strong data-start=\"4609\" data-end=\"4656\">Assistance qualit\u00e9 et ing\u00e9nierie certifi\u00e9e ISO<\/strong><\/h2>\n<p data-start=\"4658\" data-end=\"4948\">Sentrimax op\u00e8re selon un syst\u00e8me de gestion de la qualit\u00e9 certifi\u00e9 ISO 9001:2015, garantissant une qualit\u00e9 d&#039;ex\u00e9cution constante, une tra\u00e7abilit\u00e9 et des r\u00e9sultats reproductibles pour tous ses projets de r\u00e9paration de centrifugeuses municipales. Chaque r\u00e9paration suit des proc\u00e9dures document\u00e9es, de l&#039;\u00e9valuation initiale \u00e0 l&#039;inspection finale.<\/p>\n<p data-start=\"4950\" data-end=\"5207\">L&#039;assistance technique est int\u00e9gr\u00e9e au processus de r\u00e9paration. Sentrimax \u00e9value les conditions de fonctionnement, les sch\u00e9mas de d\u00e9faillance et les exigences de performance afin de recommander des am\u00e9liorations de conception ou des strat\u00e9gies de maintenance permettant de r\u00e9duire les probl\u00e8mes futurs et d&#039;am\u00e9liorer la fiabilit\u00e9.<\/p>\n<p data-start=\"5209\" data-end=\"5287\">Pour en savoir plus sur le proc\u00e9d\u00e9 Sentrimax, consultez le site web.<br data-start=\"5250\" data-end=\"5253\" \/><a class=\"decorated-link\" href=\"https:\/\/sentrimax.com\/fr\/our-process\/?utm_source=chatgpt.com\" target=\"_new\" rel=\"noopener\" data-start=\"5253\" data-end=\"5287\">https:\/\/sentrimax.com\/our-process\/<\/a><\/p>\n<hr data-start=\"5289\" data-end=\"5292\" \/>\n<h2 data-start=\"5294\" data-end=\"5357\"><strong data-start=\"5297\" data-end=\"5357\">Soutien aux op\u00e9rations de traitement des eaux us\u00e9es municipales \u00e0 D\u00e9troit, Michigan<\/strong><\/h2>\n<p data-start=\"5359\" data-end=\"5676\">\u00c0 D\u00e9troit (Michigan), l&#039;infrastructure complexe de traitement des eaux us\u00e9es municipales repose sur la fiabilit\u00e9 des centrifugeuses, essentielle \u00e0 la sant\u00e9 publique et \u00e0 la protection de l&#039;environnement. Sentrimax assure le soutien des stations d&#039;\u00e9puration de toute la r\u00e9gion m\u00e9tropolitaine de D\u00e9troit gr\u00e2ce \u00e0 des services de r\u00e9paration r\u00e9actifs et adapt\u00e9s aux exigences d&#039;exploitation municipales.<\/p>\n<p data-start=\"5678\" data-end=\"5872\">Forte de son exp\u00e9rience au service des municipalit\u00e9s \u00e0 travers les \u00c9tats-Unis et le Canada, Sentrimax comprend les pressions r\u00e9glementaires, les consid\u00e9rations budg\u00e9taires et l&#039;importance de d\u00e9lais de service fiables.<\/p>\n<p data-start=\"5874\" data-end=\"6061\">Les secteurs municipaux et industriels soutenus comprennent le traitement des eaux us\u00e9es, le traitement des biosolides, la gestion des eaux industrielles et les services environnementaux.<br data-start=\"6025\" data-end=\"6028\" \/><a class=\"decorated-link\" href=\"https:\/\/sentrimax.com\/fr\/industries\/?utm_source=chatgpt.com\" target=\"_new\" rel=\"noopener\" data-start=\"6028\" data-end=\"6061\">https:\/\/sentrimax.com\/industries\/<\/a><\/p>\n<hr data-start=\"6063\" data-end=\"6066\" \/>\n<h2 data-start=\"6068\" data-end=\"6117\"><strong data-start=\"6071\" data-end=\"6117\">Maintenance pr\u00e9ventive et assistance tout au long du cycle de vie<\/strong><\/h2>\n<p data-start=\"6119\" data-end=\"6439\">En plus de la r\u00e9paration des centrifugeuses pour eaux us\u00e9es municipales, Sentrimax propose des programmes de maintenance pr\u00e9ventive et d&#039;assistance tout au long du cycle de vie con\u00e7us pour r\u00e9duire les pannes impr\u00e9vues. Les inspections r\u00e9guli\u00e8res, la surveillance des vibrations et le remplacement planifi\u00e9 des composants aident les municipalit\u00e9s \u00e0 g\u00e9rer la maintenance de mani\u00e8re proactive et \u00e0 prolonger la dur\u00e9e de vie des \u00e9quipements.<\/p>\n<p data-start=\"6441\" data-end=\"6591\">Sentrimax propose \u00e9galement des services de reconstruction de centrifugeuses, de location et de conseil technique pour soutenir la planification des capacit\u00e9s et la gestion \u00e0 long terme des infrastructures.<\/p>\n<p data-start=\"6593\" data-end=\"6718\">Des informations suppl\u00e9mentaires sur les infrastructures municipales et les syst\u00e8mes de traitement des eaux us\u00e9es sont disponibles \u00e0 l&#039;adresse suivante\u00a0:<br data-start=\"6692\" data-end=\"6695\" \/><a class=\"decorated-link\" href=\"https:\/\/www.energy.gov\/\" target=\"_new\" rel=\"noopener\" data-start=\"6695\" data-end=\"6718\">https:\/\/www.energy.gov\/<\/a><\/p>\n<hr data-start=\"6720\" data-end=\"6723\" \/>\n<h2 data-start=\"6725\" data-end=\"6792\"><strong data-start=\"6728\" data-end=\"6792\">Un partenaire de confiance pour la r\u00e9paration des centrifugeuses de traitement des eaux us\u00e9es municipales<\/strong><\/h2>\n<p data-start=\"6794\" data-end=\"7066\">Sentrimax allie expertise technique, processus certifi\u00e9s ISO et connaissance approfondie du secteur pour assurer la r\u00e9paration fiable des centrifugeuses de traitement des eaux us\u00e9es municipales \u00e0 Detroit, Michigan. Chaque r\u00e9paration est effectu\u00e9e dans le respect des normes de s\u00e9curit\u00e9, de pr\u00e9cision et de fiabilit\u00e9 op\u00e9rationnelle \u00e0 long terme.<\/p>\n<hr data-start=\"7068\" data-end=\"7071\" \/>\n<h2 data-start=\"7073\" data-end=\"7129\"><strong data-start=\"7076\" data-end=\"7129\">Demandez d\u00e8s aujourd&#039;hui l&#039;assistance pour la r\u00e9paration de votre centrifugeuse municipale.<\/strong><\/h2>\n<p data-start=\"7131\" data-end=\"7340\">Lorsque le bon fonctionnement des centrifugeuses est essentiel au traitement des eaux us\u00e9es, Sentrimax est l\u00e0 pour vous aider. Contactez un membre exp\u00e9riment\u00e9 de notre \u00e9quipe pour discuter de vos besoins en r\u00e9paration, des d\u00e9lais et des exigences techniques.<\/p>\n<p data-start=\"7342\" data-end=\"7396\" data-is-last-node=\"\" data-is-only-node=\"\"><strong data-start=\"7342\" data-end=\"7396\" data-is-last-node=\"\"><a class=\"decorated-link\" href=\"https:\/\/sentrimax.com\/fr\/contact\/\" target=\"_new\" rel=\"noopener\" data-start=\"7344\" data-end=\"7394\">Demandez un devis !<\/a><\/strong><\/p>","protected":false},"excerpt":{"rendered":"<p>Sentrimax provides professional municipal wastewater centrifuge repair in Detroit MI, supporting treatment facilities that depend on reliable solids separation to maintain compliance, efficiency, and continuous operation. With decades of experience servicing centrifuge systems across North America, Sentrimax delivers dependable repair solutions designed specifically for the demanding requirements of municipal wastewater operations. Municipal wastewater centrifuges play [&hellip;]<\/p>\n","protected":false},"author":3,"featured_media":0,"parent":0,"menu_order":0,"comment_status":"closed","ping_status":"closed","template":"seo-page-template.php","meta":{"_acf_changed":false,"inline_featured_image":false,"footnotes":""},"class_list":["post-2350","page","type-page","status-publish","hentry"],"acf":[],"_links":{"self":[{"href":"https:\/\/sentrimax.com\/fr\/wp-json\/wp\/v2\/pages\/2350","targetHints":{"allow":["GET"]}}],"collection":[{"href":"https:\/\/sentrimax.com\/fr\/wp-json\/wp\/v2\/pages"}],"about":[{"href":"https:\/\/sentrimax.com\/fr\/wp-json\/wp\/v2\/types\/page"}],"author":[{"embeddable":true,"href":"https:\/\/sentrimax.com\/fr\/wp-json\/wp\/v2\/users\/3"}],"replies":[{"embeddable":true,"href":"https:\/\/sentrimax.com\/fr\/wp-json\/wp\/v2\/comments?post=2350"}],"version-history":[{"count":1,"href":"https:\/\/sentrimax.com\/fr\/wp-json\/wp\/v2\/pages\/2350\/revisions"}],"predecessor-version":[{"id":2477,"href":"https:\/\/sentrimax.com\/fr\/wp-json\/wp\/v2\/pages\/2350\/revisions\/2477"}],"wp:attachment":[{"href":"https:\/\/sentrimax.com\/fr\/wp-json\/wp\/v2\/media?parent=2350"}],"curies":[{"name":"wp","href":"https:\/\/api.w.org\/{rel}","templated":true}]}}