{"id":2351,"date":"2026-01-07T18:27:09","date_gmt":"2026-01-07T18:27:09","guid":{"rendered":"https:\/\/sentrimax.com\/?page_id=2351"},"modified":"2026-04-21T21:12:49","modified_gmt":"2026-04-21T21:12:49","slug":"decanter-centrifuge-parts-service-detroit-mi","status":"publish","type":"page","link":"https:\/\/sentrimax.com\/fr\/decanter-centrifuge-parts-service-detroit-mi\/","title":{"rendered":"Pi\u00e8ces et service pour d\u00e9canteurs centrifuges \u00e0 D\u00e9troit, Michigan"},"content":{"rendered":"<p data-start=\"516\" data-end=\"984\"><span class=\"hover:entity-accent entity-underline inline cursor-pointer align-baseline\"><span class=\"whitespace-normal\"><img fetchpriority=\"high\" decoding=\"async\" class=\"aligncenter size-full wp-image-1190\" src=\"https:\/\/sentrimax.com\/wp-content\/uploads\/2025\/06\/image-1.jpg\" alt=\"\" width=\"1440\" height=\"694\" srcset=\"https:\/\/sentrimax.com\/wp-content\/uploads\/2025\/06\/image-1.jpg 1440w, https:\/\/sentrimax.com\/wp-content\/uploads\/2025\/06\/image-1-600x289.jpg 600w, https:\/\/sentrimax.com\/wp-content\/uploads\/2025\/06\/image-1-300x145.jpg 300w, https:\/\/sentrimax.com\/wp-content\/uploads\/2025\/06\/image-1-1024x494.jpg 1024w, https:\/\/sentrimax.com\/wp-content\/uploads\/2025\/06\/image-1-768x370.jpg 768w\" sizes=\"(max-width: 1440px) 100vw, 1440px\" \/><\/span><\/span><\/p>\n<p data-start=\"516\" data-end=\"984\"><span class=\"hover:entity-accent entity-underline inline cursor-pointer align-baseline\"><span class=\"whitespace-normal\">Sentrimax<\/span><\/span> Sentrimax fournit des pi\u00e8ces d\u00e9tach\u00e9es et un service d&#039;entretien fiables pour centrifugeuses d\u00e9canteuses \u00e0 Detroit, Michigan, et accompagne les municipalit\u00e9s, les industries et le secteur de l&#039;\u00e9nergie qui d\u00e9pendent d&#039;une s\u00e9paration solide-liquide efficace. Forte de plusieurs d\u00e9cennies d&#039;exp\u00e9rience dans la maintenance de syst\u00e8mes de centrifugeuses d\u00e9canteuses en Am\u00e9rique du Nord, Sentrimax propose des pi\u00e8ces de rechange de haute qualit\u00e9 et des solutions de service expertes con\u00e7ues pour maintenir les performances, r\u00e9duire les temps d&#039;arr\u00eat et prolonger la dur\u00e9e de vie des \u00e9quipements.<\/p>\n<p data-start=\"986\" data-end=\"1364\">Les centrifugeuses d\u00e9canteuses sont essentielles \u00e0 des applications telles que le traitement des eaux us\u00e9es, les proc\u00e9d\u00e9s industriels, l&#039;exploitation p\u00e9troli\u00e8re et gazi\u00e8re et la gestion des boues d&#039;\u00e9puration. L&#039;usure des composants ou le retard d&#039;entretien peuvent rapidement entra\u00eener une baisse de l&#039;efficacit\u00e9 de s\u00e9paration et de la fiabilit\u00e9 du syst\u00e8me. Sentrimax propose une gamme compl\u00e8te de pi\u00e8ces d\u00e9tach\u00e9es et un service apr\u00e8s-vente performant pour garantir le fonctionnement s\u00fbr et efficace des centrifugeuses d\u00e9canteuses.<\/p>\n<hr data-start=\"1366\" data-end=\"1369\" \/>\n<h2 data-start=\"1371\" data-end=\"1437\"><strong data-start=\"1374\" data-end=\"1437\">Solutions compl\u00e8tes de pi\u00e8ces et de services pour d\u00e9canteurs et centrifugeuses<\/strong><\/h2>\n<p data-start=\"1439\" data-end=\"1711\">Sentrimax assure le support des syst\u00e8mes de centrifugation d\u00e9canteurs tout au long de leur cycle de vie op\u00e9rationnel. Chaque intervention d\u00e9bute par une \u00e9valuation d\u00e9taill\u00e9e afin de d\u00e9terminer si des pi\u00e8ces de rechange, une intervention cibl\u00e9e ou des solutions de r\u00e9paration plus compl\u00e8tes sont n\u00e9cessaires pour garantir des performances optimales.<\/p>\n<p data-start=\"1713\" data-end=\"1998\">Les services d&#039;entretien des centrifugeuses d\u00e9canteuses comprennent l&#039;inspection, le diagnostic, le d\u00e9pannage, la r\u00e9paration, la remise en \u00e9tat et l&#039;optimisation des performances. Les pi\u00e8ces de rechange sont fournies conform\u00e9ment aux sp\u00e9cifications du fabricant d&#039;origine ou con\u00e7ues pour r\u00e9pondre \u00e0 des conditions de fonctionnement sp\u00e9cifiques, garantissant ainsi un ajustement, un \u00e9quilibrage et une durabilit\u00e9 optimaux.<\/p>\n<p data-start=\"2000\" data-end=\"2405\">Les centrifugeuses d\u00e9canteuses utilisent la force centrifuge, une vitesse diff\u00e9rentielle contr\u00f4l\u00e9e et un alignement m\u00e9canique pr\u00e9cis pour s\u00e9parer efficacement les solides. Des pi\u00e8ces us\u00e9es ou mal ajust\u00e9es peuvent entra\u00eener des vibrations, une siccit\u00e9 r\u00e9duite du g\u00e2teau de filtration et une usure acc\u00e9l\u00e9r\u00e9e des composants si le probl\u00e8me n&#039;est pas r\u00e9solu rapidement.<br data-start=\"2280\" data-end=\"2283\" \/>Des informations techniques suppl\u00e9mentaires sur le fonctionnement des centrifugeuses sont disponibles \u00e0 l&#039;adresse suivante\u00a0:<br data-start=\"2354\" data-end=\"2357\" \/><a class=\"decorated-link\" href=\"https:\/\/www.britannica.com\/technology\/centrifuge\" target=\"_new\" rel=\"noopener\" data-start=\"2357\" data-end=\"2405\">https:\/\/www.britannica.com\/technology\/centrifuge<\/a><\/p>\n<hr data-start=\"2407\" data-end=\"2410\" \/>\n<h2 data-start=\"2412\" data-end=\"2454\"><strong data-start=\"2415\" data-end=\"2454\">Pi\u00e8ces d\u00e9tach\u00e9es pour d\u00e9canteur-centrifugeuse disponibles<\/strong><\/h2>\n<p data-start=\"2456\" data-end=\"2667\">Sentrimax fournit une gamme compl\u00e8te de <strong data-start=\"2491\" data-end=\"2520\">pi\u00e8ces de centrifugeuse d\u00e9canteuse<\/strong> Pour les installations de Detroit, Michigan. Toutes les pi\u00e8ces sont inspect\u00e9es avant livraison afin de v\u00e9rifier leur pr\u00e9cision dimensionnelle, l&#039;int\u00e9grit\u00e9 des mat\u00e9riaux et leur compatibilit\u00e9 de performance.<\/p>\n<p data-start=\"2669\" data-end=\"2693\">Les pi\u00e8ces disponibles comprennent\u00a0:<\/p>\n<ul data-start=\"2695\" data-end=\"2953\">\n<li data-start=\"2695\" data-end=\"2730\">\n<p data-start=\"2697\" data-end=\"2730\">Roulements et ensembles de roulements<\/p>\n<\/li>\n<li data-start=\"2731\" data-end=\"2774\">\n<p data-start=\"2733\" data-end=\"2774\">Composants des joints et du syst\u00e8me de lubrification<\/p>\n<\/li>\n<li data-start=\"2775\" data-end=\"2814\">\n<p data-start=\"2777\" data-end=\"2814\">composants de bo\u00eete de vitesses et de syst\u00e8me d&#039;entra\u00eenement<\/p>\n<\/li>\n<li data-start=\"2815\" data-end=\"2858\">\n<p data-start=\"2817\" data-end=\"2858\">Composants d&#039;assemblage de d\u00e9filement et de rotation<\/p>\n<\/li>\n<li data-start=\"2859\" data-end=\"2907\">\n<p data-start=\"2861\" data-end=\"2907\">Arbres, accouplements et interfaces m\u00e9caniques<\/p>\n<\/li>\n<li data-start=\"2908\" data-end=\"2953\">\n<p data-start=\"2910\" data-end=\"2953\">Pi\u00e8ces de rechange conformes aux sp\u00e9cifications du fabricant et con\u00e7ues sur mesure<\/p>\n<\/li>\n<\/ul>\n<p data-start=\"2955\" data-end=\"3108\">Pour les composants obsol\u00e8tes ou difficiles \u00e0 trouver, Sentrimax propose la r\u00e9tro-ing\u00e9nierie et la fabrication sur mesure afin de restaurer la pleine fonctionnalit\u00e9 de la centrifugeuse d\u00e9canteuse.<\/p>\n<hr data-start=\"3110\" data-end=\"3113\" \/>\n<h2 data-start=\"3115\" data-end=\"3169\"><strong data-start=\"3118\" data-end=\"3169\">Pourquoi des pi\u00e8ces de qualit\u00e9 et un service professionnel sont importants<\/strong><\/h2>\n<p data-start=\"3171\" data-end=\"3354\">Le bon fonctionnement d&#039;une centrifugeuse d\u00e9canteuse d\u00e9pend \u00e0 la fois de la qualit\u00e9 des pi\u00e8ces de rechange et de l&#039;expertise du service apr\u00e8s-vente. Les pi\u00e8ces et services Sentrimax aident les op\u00e9rateurs \u00e0\u00a0:<\/p>\n<ul data-start=\"3356\" data-end=\"3605\">\n<li data-start=\"3356\" data-end=\"3414\">\n<p data-start=\"3358\" data-end=\"3414\">Maintenir une s\u00e9paration constante des solides et un degr\u00e9 de s\u00e9chage du g\u00e2teau.<\/p>\n<\/li>\n<li data-start=\"3415\" data-end=\"3457\">\n<p data-start=\"3417\" data-end=\"3457\">R\u00e9duire les vibrations et les contraintes m\u00e9caniques<\/p>\n<\/li>\n<li data-start=\"3458\" data-end=\"3509\">\n<p data-start=\"3460\" data-end=\"3509\">Pr\u00e9venir les dommages secondaires aux ensembles rotatifs<\/p>\n<\/li>\n<li data-start=\"3510\" data-end=\"3553\">\n<p data-start=\"3512\" data-end=\"3553\">Prolongez la dur\u00e9e de vie de la centrifugeuse d\u00e9canteuse<\/p>\n<\/li>\n<li data-start=\"3554\" data-end=\"3605\">\n<p data-start=\"3556\" data-end=\"3605\">R\u00e9duction des co\u00fbts d&#039;entretien et d&#039;exploitation \u00e0 long terme<\/p>\n<\/li>\n<\/ul>\n<p data-start=\"3607\" data-end=\"3823\">L&#039;utilisation de composants de qualit\u00e9 inf\u00e9rieure ou le report des interventions entra\u00eenent souvent des pannes r\u00e9currentes et des co\u00fbts de r\u00e9paration plus \u00e9lev\u00e9s. Sentrimax applique un contr\u00f4le qualit\u00e9 rigoureux et une supervision technique \u00e0 chaque pi\u00e8ce et service propos\u00e9.<\/p>\n<hr data-start=\"3825\" data-end=\"3828\" \/>\n<h2 data-start=\"3830\" data-end=\"3879\"><strong data-start=\"3833\" data-end=\"3879\">Capacit\u00e9s de la centrifugeuse d\u00e9canteuse Sentrimax<\/strong><\/h2>\n<p data-start=\"3881\" data-end=\"4041\">Sentrimax propose une gamme compl\u00e8te de pi\u00e8ces et de services pour centrifugeuses d\u00e9canteuses, s&#039;appuyant sur une expertise pointue en usinage, fabrication et ing\u00e9nierie. Ses capacit\u00e9s comprennent\u00a0:<\/p>\n<ul data-start=\"4043\" data-end=\"4333\">\n<li data-start=\"4043\" data-end=\"4099\">\n<p data-start=\"4045\" data-end=\"4099\">Inspection et d\u00e9montage complets de la centrifugeuse d\u00e9canteuse<\/p>\n<\/li>\n<li data-start=\"4100\" data-end=\"4152\">\n<p data-start=\"4102\" data-end=\"4152\">remplacement des roulements, des joints et des ensembles rotatifs<\/p>\n<\/li>\n<li data-start=\"4153\" data-end=\"4189\">\n<p data-start=\"4155\" data-end=\"4189\">Service de bo\u00eete de vitesses et de syst\u00e8me de transmission<\/p>\n<\/li>\n<li data-start=\"4190\" data-end=\"4235\">\n<p data-start=\"4192\" data-end=\"4235\">Alignement de pr\u00e9cision et \u00e9quilibrage dynamique<\/p>\n<\/li>\n<li data-start=\"4236\" data-end=\"4281\">\n<p data-start=\"4238\" data-end=\"4281\">Diagnostic des syst\u00e8mes \u00e9lectriques et de contr\u00f4le<\/p>\n<\/li>\n<li data-start=\"4282\" data-end=\"4333\">\n<p data-start=\"4284\" data-end=\"4333\">Tests fonctionnels et v\u00e9rification des performances<\/p>\n<\/li>\n<\/ul>\n<p data-start=\"4335\" data-end=\"4484\">Des composants de rechange conformes aux sp\u00e9cifications du fabricant d&#039;origine ou con\u00e7us par des ing\u00e9nieurs sont utilis\u00e9s pour garantir un ajustement parfait et un fonctionnement fiable sur une large gamme de mod\u00e8les de centrifugeuses d\u00e9canteuses.<\/p>\n<p data-start=\"4486\" data-end=\"4581\">Apprenez-en davantage sur les services et les pi\u00e8ces d\u00e9tach\u00e9es pour centrifugeuses disponibles sur<br data-start=\"4547\" data-end=\"4550\" \/><a class=\"decorated-link\" href=\"https:\/\/sentrimax.com\/fr\/services\/?utm_source=chatgpt.com\" target=\"_new\" rel=\"noopener\" data-start=\"4550\" data-end=\"4581\">https:\/\/sentrimax.com\/services\/<\/a><\/p>\n<hr data-start=\"4583\" data-end=\"4586\" \/>\n<h2 data-start=\"4588\" data-end=\"4638\"><strong data-start=\"4591\" data-end=\"4638\">Assistance qualit\u00e9 et ing\u00e9nierie certifi\u00e9e ISO<\/strong><\/h2>\n<p data-start=\"4640\" data-end=\"4946\">Sentrimax op\u00e8re selon un syst\u00e8me de gestion de la qualit\u00e9 certifi\u00e9 ISO 9001:2015, garantissant la constance, la tra\u00e7abilit\u00e9 et la reproductibilit\u00e9 des r\u00e9sultats pour toutes les pi\u00e8ces de centrifugeuses d\u00e9canteuses et tous les projets de service. Chaque composant et chaque processus de service suit des proc\u00e9dures document\u00e9es, de l&#039;inspection \u00e0 la v\u00e9rification finale.<\/p>\n<p data-start=\"4948\" data-end=\"5196\">L&#039;assistance technique est int\u00e9gr\u00e9e \u00e0 chaque mission. Sentrimax \u00e9value les conditions d&#039;exploitation, les profils d&#039;usure et les exigences de performance afin de recommander des mat\u00e9riaux am\u00e9lior\u00e9s, des optimisations de conception ou des strat\u00e9gies de maintenance permettant de r\u00e9duire les probl\u00e8mes futurs.<\/p>\n<p data-start=\"5198\" data-end=\"5276\">Pour en savoir plus sur le proc\u00e9d\u00e9 Sentrimax, consultez le site web.<br data-start=\"5239\" data-end=\"5242\" \/><a class=\"decorated-link\" href=\"https:\/\/sentrimax.com\/fr\/our-process\/?utm_source=chatgpt.com\" target=\"_new\" rel=\"noopener\" data-start=\"5242\" data-end=\"5276\">https:\/\/sentrimax.com\/our-process\/<\/a><\/p>\n<hr data-start=\"5278\" data-end=\"5281\" \/>\n<h2 data-start=\"5283\" data-end=\"5345\"><strong data-start=\"5286\" data-end=\"5345\">Soutien aux op\u00e9rations de d\u00e9cantation et de centrifugation \u00e0 D\u00e9troit, Michigan<\/strong><\/h2>\n<p data-start=\"5347\" data-end=\"5662\">Detroit (Michigan) est un p\u00f4le majeur de production manufacturi\u00e8re, d&#039;infrastructures municipales, de production d&#039;\u00e9nergie et de transformation industrielle, o\u00f9 les centrifugeuses d\u00e9canteuses jouent un r\u00f4le essentiel. Sentrimax fournit aux installations de toute la r\u00e9gion m\u00e9tropolitaine de Detroit des pi\u00e8ces d\u00e9tach\u00e9es pour centrifugeuses d\u00e9canteuses ainsi qu&#039;un service d&#039;assistance technique sp\u00e9cialis\u00e9.<\/p>\n<p data-start=\"5664\" data-end=\"5851\">Forte de son exp\u00e9rience au service de clients aux \u00c9tats-Unis et au Canada, Sentrimax comprend l&#039;importance de d\u00e9lais de r\u00e9ponse rapides, d&#039;une disponibilit\u00e9 fiable des pi\u00e8ces et d&#039;une communication claire.<\/p>\n<p data-start=\"5853\" data-end=\"6039\">Les secteurs d&#039;activit\u00e9 soutenus comprennent le traitement des eaux us\u00e9es municipales, la fabrication industrielle, le p\u00e9trole et le gaz, la transformation des aliments et des boissons et la production d&#039;\u00e9nergie.<br data-start=\"6003\" data-end=\"6006\" \/><a class=\"decorated-link\" href=\"https:\/\/sentrimax.com\/fr\/industries\/?utm_source=chatgpt.com\" target=\"_new\" rel=\"noopener\" data-start=\"6006\" data-end=\"6039\">https:\/\/sentrimax.com\/industries\/<\/a><\/p>\n<hr data-start=\"6041\" data-end=\"6044\" \/>\n<h2 data-start=\"6046\" data-end=\"6095\"><strong data-start=\"6049\" data-end=\"6095\">Maintenance pr\u00e9ventive et assistance tout au long du cycle de vie<\/strong><\/h2>\n<p data-start=\"6097\" data-end=\"6409\">En plus des pi\u00e8ces d\u00e9tach\u00e9es et de l&#039;entretien des centrifugeuses d\u00e9canteuses, Sentrimax propose des programmes de maintenance pr\u00e9ventive et de support tout au long du cycle de vie con\u00e7us pour r\u00e9duire les pannes impr\u00e9vues. Les inspections r\u00e9guli\u00e8res, la surveillance des vibrations et le remplacement planifi\u00e9 des composants permettent aux installations de maintenir des performances stables et de prolonger la dur\u00e9e de vie des \u00e9quipements.<\/p>\n<p data-start=\"6411\" data-end=\"6574\">Sentrimax propose \u00e9galement des services complets de remise \u00e0 neuf de centrifugeuses, de location et de conseil technique pour les installations g\u00e9rant des \u00e9quipements vieillissants ou des exigences de traitement croissantes.<\/p>\n<p data-start=\"6576\" data-end=\"6703\">Des informations compl\u00e9mentaires sur la fiabilit\u00e9 des \u00e9quipements industriels et le soutien des infrastructures sont disponibles \u00e0 l&#039;adresse suivante\u00a0:<br data-start=\"6677\" data-end=\"6680\" \/><a class=\"decorated-link\" href=\"https:\/\/www.energy.gov\/\" target=\"_new\" rel=\"noopener\" data-start=\"6680\" data-end=\"6703\">https:\/\/www.energy.gov\/<\/a><\/p>\n<hr data-start=\"6705\" data-end=\"6708\" \/>\n<h2 data-start=\"6710\" data-end=\"6766\"><strong data-start=\"6713\" data-end=\"6766\">Un partenaire de confiance pour le support des centrifugeuses d\u00e9canteuses<\/strong><\/h2>\n<p data-start=\"6768\" data-end=\"7028\">Sentrimax allie expertise technique, processus certifi\u00e9s ISO et connaissance approfondie du secteur pour fournir des pi\u00e8ces et un service fiables pour centrifugeuses d\u00e9canteuses \u00e0 Detroit, Michigan. Chaque solution est ax\u00e9e sur la pr\u00e9cision, la durabilit\u00e9 et une performance op\u00e9rationnelle \u00e0 long terme.<\/p>\n<hr data-start=\"7030\" data-end=\"7033\" \/>\n<h2 data-start=\"7035\" data-end=\"7091\"><strong data-start=\"7038\" data-end=\"7091\">Demandez d\u00e8s aujourd&#039;hui des pi\u00e8ces et un service pour votre centrifugeuse d\u00e9canteuse<\/strong><\/h2>\n<p data-start=\"7093\" data-end=\"7313\">Lorsque la performance de votre centrifugeuse d\u00e9canteuse est essentielle \u00e0 votre activit\u00e9, Sentrimax est l\u00e0 pour vous aider. Contactez un membre exp\u00e9riment\u00e9 de notre \u00e9quipe pour discuter des pi\u00e8ces n\u00e9cessaires, des services requis, des d\u00e9lais et des sp\u00e9cifications techniques.<\/p>\n<p data-start=\"7315\" data-end=\"7369\" data-is-last-node=\"\" data-is-only-node=\"\"><strong data-start=\"7315\" data-end=\"7369\" data-is-last-node=\"\"><a class=\"decorated-link\" href=\"https:\/\/sentrimax.com\/fr\/contact\/\" target=\"_new\" rel=\"noopener\" data-start=\"7317\" data-end=\"7367\">Demandez un devis !<\/a><\/strong><\/p>","protected":false},"excerpt":{"rendered":"<p>Sentrimax delivers dependable decanter centrifuge parts &amp; service in Detroit MI, supporting municipal, industrial, and energy-sector operations that rely on efficient solids-liquid separation. With decades of experience servicing decanter centrifuge systems across North America, Sentrimax provides high-quality replacement parts and expert service solutions designed to maintain performance, reduce downtime, and extend equipment life. Decanter centrifuges [&hellip;]<\/p>\n","protected":false},"author":3,"featured_media":0,"parent":0,"menu_order":0,"comment_status":"closed","ping_status":"closed","template":"seo-page-template.php","meta":{"_acf_changed":false,"inline_featured_image":false,"footnotes":""},"class_list":["post-2351","page","type-page","status-publish","hentry"],"acf":[],"_links":{"self":[{"href":"https:\/\/sentrimax.com\/fr\/wp-json\/wp\/v2\/pages\/2351","targetHints":{"allow":["GET"]}}],"collection":[{"href":"https:\/\/sentrimax.com\/fr\/wp-json\/wp\/v2\/pages"}],"about":[{"href":"https:\/\/sentrimax.com\/fr\/wp-json\/wp\/v2\/types\/page"}],"author":[{"embeddable":true,"href":"https:\/\/sentrimax.com\/fr\/wp-json\/wp\/v2\/users\/3"}],"replies":[{"embeddable":true,"href":"https:\/\/sentrimax.com\/fr\/wp-json\/wp\/v2\/comments?post=2351"}],"version-history":[{"count":1,"href":"https:\/\/sentrimax.com\/fr\/wp-json\/wp\/v2\/pages\/2351\/revisions"}],"predecessor-version":[{"id":2476,"href":"https:\/\/sentrimax.com\/fr\/wp-json\/wp\/v2\/pages\/2351\/revisions\/2476"}],"wp:attachment":[{"href":"https:\/\/sentrimax.com\/fr\/wp-json\/wp\/v2\/media?parent=2351"}],"curies":[{"name":"wp","href":"https:\/\/api.w.org\/{rel}","templated":true}]}}