{"id":2352,"date":"2026-01-07T18:29:39","date_gmt":"2026-01-07T18:29:39","guid":{"rendered":"https:\/\/sentrimax.com\/?page_id=2352"},"modified":"2026-04-21T21:12:48","modified_gmt":"2026-04-21T21:12:48","slug":"alfa-laval-flottweg-centrifuge-repair-detroit-mi","status":"publish","type":"page","link":"https:\/\/sentrimax.com\/fr\/alfa-laval-flottweg-centrifuge-repair-detroit-mi\/","title":{"rendered":"R\u00e9paration de centrifugeuses Alfa Laval et Flottweg \u00e0 D\u00e9troit, Michigan"},"content":{"rendered":"<p data-start=\"521\" data-end=\"963\"><span class=\"hover:entity-accent entity-underline inline cursor-pointer align-baseline\"><span class=\"whitespace-normal\"><img fetchpriority=\"high\" decoding=\"async\" class=\"aligncenter size-full wp-image-904\" src=\"https:\/\/sentrimax.com\/wp-content\/uploads\/2025\/05\/image-3-1.png\" alt=\"\" width=\"1236\" height=\"760\" srcset=\"https:\/\/sentrimax.com\/wp-content\/uploads\/2025\/05\/image-3-1.png 1236w, https:\/\/sentrimax.com\/wp-content\/uploads\/2025\/05\/image-3-1-600x369.png 600w, https:\/\/sentrimax.com\/wp-content\/uploads\/2025\/05\/image-3-1-300x184.png 300w, https:\/\/sentrimax.com\/wp-content\/uploads\/2025\/05\/image-3-1-1024x630.png 1024w, https:\/\/sentrimax.com\/wp-content\/uploads\/2025\/05\/image-3-1-768x472.png 768w\" sizes=\"(max-width: 1236px) 100vw, 1236px\" \/><\/span><\/span><\/p>\n<p data-start=\"521\" data-end=\"963\"><span class=\"hover:entity-accent entity-underline inline cursor-pointer align-baseline\"><span class=\"whitespace-normal\">Sentrimax<\/span><\/span> Sentrimax propose des services professionnels de r\u00e9paration de centrifugeuses Alfa Laval et Flottweg \u00e0 Detroit, Michigan, et accompagne les municipalit\u00e9s, les industries et le secteur de l&#039;\u00e9nergie qui utilisent des \u00e9quipements de s\u00e9paration haute performance. Forte de plusieurs d\u00e9cennies d&#039;exp\u00e9rience dans la maintenance de syst\u00e8mes de centrifugeuses complexes en Am\u00e9rique du Nord, Sentrimax offre des solutions de r\u00e9paration expertes con\u00e7ues pour r\u00e9tablir la fiabilit\u00e9, am\u00e9liorer l&#039;efficacit\u00e9 et prolonger la dur\u00e9e de vie des \u00e9quipements.<\/p>\n<p data-start=\"965\" data-end=\"1432\">Centrifugeuses fabriqu\u00e9es par <span class=\"hover:entity-accent entity-underline inline cursor-pointer align-baseline\"><span class=\"whitespace-normal\">Alfa Laval<\/span><\/span> et <span class=\"hover:entity-accent entity-underline inline cursor-pointer align-baseline\"><span class=\"whitespace-normal\">Flottweg<\/span><\/span> Ces syst\u00e8mes sont largement utilis\u00e9s dans des applications exigeantes telles que le traitement des eaux us\u00e9es municipales, les proc\u00e9d\u00e9s industriels, l&#039;exploitation p\u00e9troli\u00e8re et gazi\u00e8re et la production alimentaire. En cas d&#039;usure, de vibrations ou de panne m\u00e9canique, une expertise en r\u00e9paration est indispensable. Sentrimax propose des services de r\u00e9paration complets, adapt\u00e9s sp\u00e9cifiquement \u00e0 ces plateformes de centrifugeuses.<\/p>\n<hr data-start=\"1434\" data-end=\"1437\" \/>\n<h2 data-start=\"1439\" data-end=\"1502\"><strong data-start=\"1442\" data-end=\"1502\">R\u00e9paration sp\u00e9cialis\u00e9e pour centrifugeuses Alfa Laval et Flottweg<\/strong><\/h2>\n<p data-start=\"1504\" data-end=\"1807\">Les centrifugeuses Alfa Laval et Flottweg fonctionnent en continu, \u00e0 des vitesses de rotation \u00e9lev\u00e9es et dans des conditions de traitement abrasives. Avec le temps, les composants internes tels que les roulements, les joints d&#039;\u00e9tanch\u00e9it\u00e9, les r\u00e9ducteurs et les ensembles rotatifs peuvent s&#039;user ou tomber en panne, ce qui r\u00e9duit l&#039;efficacit\u00e9 de s\u00e9paration et augmente les risques d&#039;exploitation.<\/p>\n<p data-start=\"1809\" data-end=\"2094\">Sentrimax se sp\u00e9cialise dans le diagnostic et la r\u00e9paration de ces syst\u00e8mes de centrifugeuses gr\u00e2ce \u00e0 des m\u00e9thodes \u00e9prouv\u00e9es et \u00e0 des composants de remplacement conformes aux sp\u00e9cifications du fabricant ou con\u00e7us sur mesure. Ses services de r\u00e9paration visent \u00e0 r\u00e9soudre aussi bien les pannes imm\u00e9diates que les probl\u00e8mes m\u00e9caniques sous-jacents qui entra\u00eenent des arr\u00eats de production r\u00e9p\u00e9t\u00e9s.<\/p>\n<p data-start=\"2096\" data-end=\"2492\">Le fonctionnement s\u00fbr et efficace des centrifugeuses repose sur la force centrifuge, un \u00e9quilibrage pr\u00e9cis et une vitesse diff\u00e9rentielle contr\u00f4l\u00e9e. Tout \u00e9cart m\u00e9canique au niveau des composants critiques peut rapidement entra\u00eener des vibrations, une baisse de la productivit\u00e9 ou des dommages secondaires s&#039;il n&#039;est pas corrig\u00e9 rapidement.<br data-start=\"2367\" data-end=\"2370\" \/>Des informations techniques suppl\u00e9mentaires sur le fonctionnement des centrifugeuses sont disponibles \u00e0 l&#039;adresse suivante\u00a0:<br data-start=\"2441\" data-end=\"2444\" \/><a class=\"decorated-link\" href=\"https:\/\/www.britannica.com\/technology\/centrifuge\" target=\"_new\" rel=\"noopener\" data-start=\"2444\" data-end=\"2492\">https:\/\/www.britannica.com\/technology\/centrifuge<\/a><\/p>\n<hr data-start=\"2494\" data-end=\"2497\" \/>\n<h2 data-start=\"2499\" data-end=\"2561\"><strong data-start=\"2502\" data-end=\"2561\">R\u00e9solution des probl\u00e8mes courants des centrifugeuses Alfa Laval et Flottweg<\/strong><\/h2>\n<p data-start=\"2563\" data-end=\"2686\">Les techniciens de r\u00e9paration de Sentrimax traitent r\u00e9guli\u00e8rement les probl\u00e8mes rencontr\u00e9s dans les syst\u00e8mes de centrifugation Alfa Laval et Flottweg, notamment\u00a0:<\/p>\n<ul data-start=\"2688\" data-end=\"2952\">\n<li data-start=\"2688\" data-end=\"2729\">\n<p data-start=\"2690\" data-end=\"2729\">Vibrations excessives ou bruits anormaux<\/p>\n<\/li>\n<li data-start=\"2730\" data-end=\"2779\">\n<p data-start=\"2732\" data-end=\"2779\">Efficacit\u00e9 de s\u00e9paration r\u00e9duite ou dess\u00e8chement du g\u00e2teau<\/p>\n<\/li>\n<li data-start=\"2780\" data-end=\"2829\">\n<p data-start=\"2782\" data-end=\"2829\">D\u00e9faillances des roulements, des joints d&#039;\u00e9tanch\u00e9it\u00e9 ou du syst\u00e8me de lubrification<\/p>\n<\/li>\n<li data-start=\"2830\" data-end=\"2863\">\n<p data-start=\"2832\" data-end=\"2863\">usure de la bo\u00eete de vitesses et du syst\u00e8me de transmission<\/p>\n<\/li>\n<li data-start=\"2864\" data-end=\"2909\">\n<p data-start=\"2866\" data-end=\"2909\">dysfonctionnements des syst\u00e8mes \u00e9lectriques ou de contr\u00f4le<\/p>\n<\/li>\n<li data-start=\"2910\" data-end=\"2952\">\n<p data-start=\"2912\" data-end=\"2952\">Usure structurelle dans les ensembles rotatifs<\/p>\n<\/li>\n<\/ul>\n<p data-start=\"2954\" data-end=\"3096\">Gr\u00e2ce \u00e0 une inspection d\u00e9taill\u00e9e et \u00e0 une analyse des causes profondes, Sentrimax garantit que les r\u00e9parations corrigent \u00e0 la fois les dommages visibles et les facteurs de fonctionnement contributifs.<\/p>\n<hr data-start=\"3098\" data-end=\"3101\" \/>\n<h2 data-start=\"3103\" data-end=\"3154\"><strong data-start=\"3106\" data-end=\"3154\">Pourquoi les r\u00e9parations professionnelles sp\u00e9cifiques au constructeur sont importantes<\/strong><\/h2>\n<p data-start=\"3156\" data-end=\"3315\">Les services professionnels de r\u00e9paration de centrifugeuses sont essentiels au maintien de leurs performances et \u00e0 la protection des \u00e9quipements de grande valeur. Les solutions de r\u00e9paration Sentrimax aident les op\u00e9rateurs\u00a0:<\/p>\n<ul data-start=\"3317\" data-end=\"3565\">\n<li data-start=\"3317\" data-end=\"3362\">\n<p data-start=\"3319\" data-end=\"3362\">R\u00e9tablir les sp\u00e9cifications de fonctionnement d&#039;origine<\/p>\n<\/li>\n<li data-start=\"3363\" data-end=\"3424\">\n<p data-start=\"3365\" data-end=\"3424\">Pr\u00e9venir les dommages secondaires aux bols et aux ensembles rotatifs<\/p>\n<\/li>\n<li data-start=\"3425\" data-end=\"3459\">\n<p data-start=\"3427\" data-end=\"3459\">Prolongez la dur\u00e9e de vie de la centrifugeuse<\/p>\n<\/li>\n<li data-start=\"3460\" data-end=\"3511\">\n<p data-start=\"3462\" data-end=\"3511\">R\u00e9duire les temps d&#039;arr\u00eat non planifi\u00e9s et les pannes d&#039;urgence<\/p>\n<\/li>\n<li data-start=\"3512\" data-end=\"3565\">\n<p data-start=\"3514\" data-end=\"3565\">Ma\u00eetriser les co\u00fbts de maintenance \u00e0 long terme et les co\u00fbts du cycle de vie<\/p>\n<\/li>\n<\/ul>\n<p data-start=\"3567\" data-end=\"3785\">Les r\u00e9parations g\u00e9n\u00e9riques ou incompl\u00e8tes peuvent entra\u00eener des pannes r\u00e9currentes et une augmentation des co\u00fbts d&#039;exploitation. Sentrimax utilise des techniques de r\u00e9paration de pr\u00e9cision et un contr\u00f4le qualit\u00e9 rigoureux pour offrir des solutions durables et p\u00e9rennes.<\/p>\n<hr data-start=\"3787\" data-end=\"3790\" \/>\n<h2 data-start=\"3792\" data-end=\"3839\"><strong data-start=\"3795\" data-end=\"3839\">Capacit\u00e9s de r\u00e9paration des centrifugeuses Sentrimax<\/strong><\/h2>\n<p data-start=\"3841\" data-end=\"4029\">Sentrimax propose des services de r\u00e9paration complets pour les centrifugeuses Alfa Laval et Flottweg, s&#039;appuyant sur une expertise pointue en usinage, fabrication et ing\u00e9nierie. Ses capacit\u00e9s comprennent\u00a0:<\/p>\n<ul data-start=\"4031\" data-end=\"4322\">\n<li data-start=\"4031\" data-end=\"4078\">\n<p data-start=\"4033\" data-end=\"4078\">D\u00e9montage et inspection complets de la centrifugeuse<\/p>\n<\/li>\n<li data-start=\"4079\" data-end=\"4141\">\n<p data-start=\"4081\" data-end=\"4141\">r\u00e9paration ou remplacement des roulements, des joints et des ensembles rotatifs<\/p>\n<\/li>\n<li data-start=\"4142\" data-end=\"4178\">\n<p data-start=\"4144\" data-end=\"4178\">Service de bo\u00eete de vitesses et de syst\u00e8me de transmission<\/p>\n<\/li>\n<li data-start=\"4179\" data-end=\"4224\">\n<p data-start=\"4181\" data-end=\"4224\">Alignement de pr\u00e9cision et \u00e9quilibrage dynamique<\/p>\n<\/li>\n<li data-start=\"4225\" data-end=\"4270\">\n<p data-start=\"4227\" data-end=\"4270\">Diagnostic des syst\u00e8mes \u00e9lectriques et de contr\u00f4le<\/p>\n<\/li>\n<li data-start=\"4271\" data-end=\"4322\">\n<p data-start=\"4273\" data-end=\"4322\">Tests fonctionnels et v\u00e9rification des performances<\/p>\n<\/li>\n<\/ul>\n<p data-start=\"4324\" data-end=\"4542\">Des composants de rechange conformes aux sp\u00e9cifications du fabricant ou con\u00e7us par des ing\u00e9nieurs sont utilis\u00e9s pour garantir un ajustement parfait, un \u00e9quilibre optimal et une fiabilit\u00e9 \u00e0 long terme. Pour les composants obsol\u00e8tes ou difficiles \u00e0 trouver, Sentrimax propose des services de r\u00e9tro-ing\u00e9nierie et de fabrication sur mesure.<\/p>\n<p data-start=\"4544\" data-end=\"4640\">Apprenez-en davantage sur les capacit\u00e9s de r\u00e9paration et d&#039;entretien des centrifugeuses sur<br data-start=\"4606\" data-end=\"4609\" \/><a class=\"decorated-link\" href=\"https:\/\/sentrimax.com\/fr\/services\/?utm_source=chatgpt.com\" target=\"_new\" rel=\"noopener\" data-start=\"4609\" data-end=\"4640\">https:\/\/sentrimax.com\/services\/<\/a><\/p>\n<hr data-start=\"4642\" data-end=\"4645\" \/>\n<h2 data-start=\"4647\" data-end=\"4697\"><strong data-start=\"4650\" data-end=\"4697\">Assistance qualit\u00e9 et ing\u00e9nierie certifi\u00e9e ISO<\/strong><\/h2>\n<p data-start=\"4699\" data-end=\"4979\">Sentrimax op\u00e8re selon un syst\u00e8me de gestion de la qualit\u00e9 certifi\u00e9 ISO 9001:2015, garantissant une qualit\u00e9 d&#039;ex\u00e9cution constante, une tra\u00e7abilit\u00e9 et des r\u00e9sultats reproductibles pour tous ses projets de r\u00e9paration de centrifugeuses. Chaque r\u00e9paration suit des proc\u00e9dures document\u00e9es, de l&#039;\u00e9valuation initiale \u00e0 l&#039;inspection finale.<\/p>\n<p data-start=\"4981\" data-end=\"5217\">L&#039;assistance technique est int\u00e9gr\u00e9e \u00e0 chaque intervention de r\u00e9paration. Sentrimax \u00e9value les conditions de fonctionnement, les profils d&#039;usure et les exigences de performance afin de recommander des am\u00e9liorations de conception ou des strat\u00e9gies de maintenance permettant de r\u00e9duire les pannes futures.<\/p>\n<p data-start=\"5219\" data-end=\"5297\">Pour en savoir plus sur le proc\u00e9d\u00e9 Sentrimax, consultez le site web.<br data-start=\"5260\" data-end=\"5263\" \/><a class=\"decorated-link\" href=\"https:\/\/sentrimax.com\/fr\/our-process\/?utm_source=chatgpt.com\" target=\"_new\" rel=\"noopener\" data-start=\"5263\" data-end=\"5297\">https:\/\/sentrimax.com\/our-process\/<\/a><\/p>\n<hr data-start=\"5299\" data-end=\"5302\" \/>\n<h2 data-start=\"5304\" data-end=\"5357\"><strong data-start=\"5307\" data-end=\"5357\">Soutien aux op\u00e9rations de centrifugation \u00e0 D\u00e9troit, Michigan<\/strong><\/h2>\n<p data-start=\"5359\" data-end=\"5668\">Detroit (Michigan) est un p\u00f4le majeur de production, d&#039;infrastructures municipales et de transformation industrielle, o\u00f9 les centrifugeuses Alfa Laval et Flottweg jouent un r\u00f4le essentiel. Sentrimax assure le support des installations de toute la r\u00e9gion m\u00e9tropolitaine de Detroit gr\u00e2ce \u00e0 des services de r\u00e9paration r\u00e9actifs et adapt\u00e9s aux environnements d&#039;exploitation les plus exigeants.<\/p>\n<p data-start=\"5670\" data-end=\"5852\">Forte de son exp\u00e9rience au service de clients \u00e0 travers les \u00c9tats-Unis et le Canada, Sentrimax comprend l&#039;importance de d\u00e9lais d&#039;ex\u00e9cution fiables, d&#039;une communication claire et d&#039;une ex\u00e9cution experte.<\/p>\n<p data-start=\"5854\" data-end=\"6040\">Les secteurs d&#039;activit\u00e9 soutenus comprennent le traitement des eaux us\u00e9es municipales, la fabrication industrielle, le p\u00e9trole et le gaz, la transformation des aliments et des boissons et la production d&#039;\u00e9nergie.<br data-start=\"6004\" data-end=\"6007\" \/><a class=\"decorated-link\" href=\"https:\/\/sentrimax.com\/fr\/industries\/?utm_source=chatgpt.com\" target=\"_new\" rel=\"noopener\" data-start=\"6007\" data-end=\"6040\">https:\/\/sentrimax.com\/industries\/<\/a><\/p>\n<hr data-start=\"6042\" data-end=\"6045\" \/>\n<h2 data-start=\"6047\" data-end=\"6096\"><strong data-start=\"6050\" data-end=\"6096\">Maintenance pr\u00e9ventive et assistance tout au long du cycle de vie<\/strong><\/h2>\n<p data-start=\"6098\" data-end=\"6381\">Outre la r\u00e9paration des centrifugeuses, Sentrimax propose des programmes de maintenance pr\u00e9ventive et d&#039;assistance tout au long du cycle de vie con\u00e7us pour r\u00e9duire les pannes impr\u00e9vues. Les inspections r\u00e9guli\u00e8res, la surveillance des vibrations et le remplacement planifi\u00e9 des composants contribuent \u00e0 stabiliser les performances des \u00e9quipements et \u00e0 prolonger leur dur\u00e9e de vie.<\/p>\n<p data-start=\"6383\" data-end=\"6537\">Sentrimax propose \u00e9galement des services de remise \u00e0 neuf de centrifugeuses, de location et de conseil technique pour les installations g\u00e9rant des \u00e9quipements vieillissants ou des exigences de traitement croissantes.<\/p>\n<p data-start=\"6539\" data-end=\"6666\">Des informations compl\u00e9mentaires sur la fiabilit\u00e9 des \u00e9quipements industriels et le soutien des infrastructures sont disponibles \u00e0 l&#039;adresse suivante\u00a0:<br data-start=\"6640\" data-end=\"6643\" \/><a class=\"decorated-link\" href=\"https:\/\/www.energy.gov\/\" target=\"_new\" rel=\"noopener\" data-start=\"6643\" data-end=\"6666\">https:\/\/www.energy.gov\/<\/a><\/p>\n<hr data-start=\"6668\" data-end=\"6671\" \/>\n<h2 data-start=\"6673\" data-end=\"6741\"><strong data-start=\"6676\" data-end=\"6741\">Un partenaire de confiance pour la r\u00e9paration des centrifugeuses Alfa Laval et Flottweg<\/strong><\/h2>\n<p data-start=\"6743\" data-end=\"7016\">Sentrimax allie expertise technique, processus certifi\u00e9s ISO et connaissance approfondie du secteur pour assurer la r\u00e9paration fiable des centrifugeuses Alfa Laval et Flottweg \u00e0 Detroit, Michigan. Chaque r\u00e9paration est effectu\u00e9e dans le respect des normes de s\u00e9curit\u00e9, de pr\u00e9cision et de performance op\u00e9rationnelle \u00e0 long terme.<\/p>\n<hr data-start=\"7018\" data-end=\"7021\" \/>\n<h2 data-start=\"7023\" data-end=\"7069\"><strong data-start=\"7026\" data-end=\"7069\">Demandez une assistance pour la r\u00e9paration de votre centrifugeuse d\u00e8s aujourd&#039;hui<\/strong><\/h2>\n<p data-start=\"7071\" data-end=\"7282\">Lorsque les performances de vos centrifugeuses Alfa Laval ou Flottweg sont essentielles \u00e0 votre activit\u00e9, Sentrimax est l\u00e0 pour vous aider. Contactez un membre exp\u00e9riment\u00e9 de notre \u00e9quipe pour discuter de vos besoins en r\u00e9paration, des d\u00e9lais et des exigences techniques.<\/p>\n<p data-start=\"7284\" data-end=\"7338\" data-is-last-node=\"\" data-is-only-node=\"\"><strong data-start=\"7284\" data-end=\"7338\" data-is-last-node=\"\"><a class=\"decorated-link\" href=\"https:\/\/sentrimax.com\/fr\/contact\/\" target=\"_new\" rel=\"noopener\" data-start=\"7286\" data-end=\"7336\">Demandez un devis !<\/a><\/strong><\/p>","protected":false},"excerpt":{"rendered":"<p>Sentrimax provides professional Alfa Laval &amp; Flottweg centrifuge repair in Detroit MI, supporting municipal, industrial, and energy-sector operations that rely on high-performance separation equipment. With decades of experience servicing complex centrifuge systems across North America, Sentrimax delivers expert repair solutions designed to restore reliability, improve efficiency, and extend equipment life. Centrifuges manufactured by Alfa Laval [&hellip;]<\/p>\n","protected":false},"author":3,"featured_media":0,"parent":0,"menu_order":0,"comment_status":"closed","ping_status":"closed","template":"seo-page-template.php","meta":{"_acf_changed":false,"inline_featured_image":false,"footnotes":""},"class_list":["post-2352","page","type-page","status-publish","hentry"],"acf":[],"_links":{"self":[{"href":"https:\/\/sentrimax.com\/fr\/wp-json\/wp\/v2\/pages\/2352","targetHints":{"allow":["GET"]}}],"collection":[{"href":"https:\/\/sentrimax.com\/fr\/wp-json\/wp\/v2\/pages"}],"about":[{"href":"https:\/\/sentrimax.com\/fr\/wp-json\/wp\/v2\/types\/page"}],"author":[{"embeddable":true,"href":"https:\/\/sentrimax.com\/fr\/wp-json\/wp\/v2\/users\/3"}],"replies":[{"embeddable":true,"href":"https:\/\/sentrimax.com\/fr\/wp-json\/wp\/v2\/comments?post=2352"}],"version-history":[{"count":1,"href":"https:\/\/sentrimax.com\/fr\/wp-json\/wp\/v2\/pages\/2352\/revisions"}],"predecessor-version":[{"id":2475,"href":"https:\/\/sentrimax.com\/fr\/wp-json\/wp\/v2\/pages\/2352\/revisions\/2475"}],"wp:attachment":[{"href":"https:\/\/sentrimax.com\/fr\/wp-json\/wp\/v2\/media?parent=2352"}],"curies":[{"name":"wp","href":"https:\/\/api.w.org\/{rel}","templated":true}]}}