{"id":275,"date":"2025-05-20T09:42:13","date_gmt":"2025-05-20T09:42:13","guid":{"rendered":"https:\/\/sentrimax.com\/?page_id=275"},"modified":"2025-10-22T15:44:06","modified_gmt":"2025-10-22T15:44:06","slug":"equipment","status":"publish","type":"page","link":"https:\/\/sentrimax.com\/fr\/equipment\/","title":{"rendered":"\u00c9quipement"},"content":{"rendered":"\t\t<div data-elementor-type=\"wp-page\" data-elementor-id=\"275\" class=\"elementor elementor-275\" data-elementor-post-type=\"page\">\n\t\t\t\t<div class=\"elementor-element elementor-element-45eb694 p-20 e-flex e-con-boxed e-con e-parent\" data-id=\"45eb694\" data-element_type=\"container\" data-settings=\"{&quot;background_background&quot;:&quot;classic&quot;}\">\n\t\t\t\t\t<div class=\"e-con-inner\">\n\t\t\t\t<div class=\"elementor-element elementor-element-e38f667 elementor-widget elementor-widget-heading\" data-id=\"e38f667\" data-element_type=\"widget\" data-widget_type=\"heading.default\">\n\t\t\t\t<div class=\"elementor-widget-container\">\n\t\t\t\t\t<h2 class=\"elementor-heading-title elementor-size-default\">Equipment<\/h2>\t\t\t\t<\/div>\n\t\t\t\t<\/div>\n\t\t\t\t<div class=\"elementor-element elementor-element-fc7deab elementor-icon-list--layout-inline elementor-align-center elementor-list-item-link-full_width elementor-widget elementor-widget-icon-list\" data-id=\"fc7deab\" data-element_type=\"widget\" data-widget_type=\"icon-list.default\">\n\t\t\t\t<div class=\"elementor-widget-container\">\n\t\t\t\t\t\t\t<ul class=\"elementor-icon-list-items elementor-inline-items\">\n\t\t\t\t\t\t\t<li class=\"elementor-icon-list-item elementor-inline-item\">\n\t\t\t\t\t\t\t\t\t\t\t<a href=\"https:\/\/sentrimax.com\/fr\">\n\n\t\t\t\t\t\t\t\t\t\t\t<span class=\"elementor-icon-list-text\">Home<\/span>\n\t\t\t\t\t\t\t\t\t\t\t<\/a>\n\t\t\t\t\t\t\t\t\t<\/li>\n\t\t\t\t\t\t\t\t<li class=\"elementor-icon-list-item elementor-inline-item\">\n\t\t\t\t\t\t\t\t\t\t\t<span class=\"elementor-icon-list-icon\">\n\t\t\t\t\t\t\t<svg xmlns=\"http:\/\/www.w3.org\/2000\/svg\" width=\"8\" height=\"15\" viewBox=\"0 0 8 15\" fill=\"none\"><path d=\"M0.75 1.25L7.25 6.75L0.75 13.75\" stroke=\"white\"><\/path><\/svg>\t\t\t\t\t\t<\/span>\n\t\t\t\t\t\t\t\t\t\t<span class=\"elementor-icon-list-text\">Equipment<\/span>\n\t\t\t\t\t\t\t\t\t<\/li>\n\t\t\t\t\t\t<\/ul>\n\t\t\t\t\t\t<\/div>\n\t\t\t\t<\/div>\n\t\t\t\t\t<\/div>\n\t\t\t\t<\/div>\n\t\t<div class=\"elementor-element elementor-element-dabd7c2 p-20 p-tb e-flex e-con-boxed e-con e-parent\" data-id=\"dabd7c2\" data-element_type=\"container\">\n\t\t\t\t\t<div class=\"e-con-inner\">\n\t\t<div class=\"elementor-element elementor-element-849f74f e-con-full e-flex e-con e-child\" data-id=\"849f74f\" data-element_type=\"container\">\n\t\t\t\t<div class=\"elementor-element elementor-element-83bed86 elementor-widget elementor-widget-heading\" data-id=\"83bed86\" data-element_type=\"widget\" data-widget_type=\"heading.default\">\n\t\t\t\t<div class=\"elementor-widget-container\">\n\t\t\t\t\t<h2 class=\"elementor-heading-title elementor-size-default\">Used &amp; new Equipment<\/h2>\t\t\t\t<\/div>\n\t\t\t\t<\/div>\n\t\t\t\t<div class=\"elementor-element elementor-element-934dd6b elementor-widget elementor-widget-text-editor\" data-id=\"934dd6b\" data-element_type=\"widget\" data-widget_type=\"text-editor.default\">\n\t\t\t\t<div class=\"elementor-widget-container\">\n\t\t\t\t\t\t\t\t\t<p>Looking for a centrifuge that aligns perfectly with your budget and specific requirements? At Sentrimax, we provide a diverse selection of both brand-new and refurbished centrifuges tailored to meet your needs.<\/p>\t\t\t\t\t\t\t\t<\/div>\n\t\t\t\t<\/div>\n\t\t\t\t<\/div>\n\t\t\t\t<div class=\"elementor-element elementor-element-bcde9e9 elementor-widget elementor-widget-taxonomy-filter\" data-id=\"bcde9e9\" data-element_type=\"widget\" data-settings=\"{&quot;item_alignment_horizontal&quot;:&quot;center&quot;,&quot;selected_element&quot;:&quot;6c077f1&quot;,&quot;taxonomy&quot;:&quot;equipments--category&quot;,&quot;horizontal_scroll&quot;:&quot;disable&quot;}\" data-widget_type=\"taxonomy-filter.default\">\n\t\t\t\t<div class=\"elementor-widget-container\">\n\t\t\t\t\t\t\t<search class=\"e-filter\" role=\"search\" data-base-url=\"https:\/\/sentrimax.com\/fr\/\" data-page-num=\"1\">\n\t\t\t\t\t\t\t<button class=\"e-filter-item\" data-filter=\"new\" aria-pressed=\"false\">New<\/button>\n\t\t\t\t\t\t\t<button class=\"e-filter-item\" data-filter=\"used\" aria-pressed=\"false\">Used<\/button>\n\t\t\t\n\t\t\t\t\t\t\t\t<\/search>\n\t\t\t\t\t\t<\/div>\n\t\t\t\t<\/div>\n\t\t\t\t<div class=\"elementor-element elementor-element-6c077f1 elementor-grid-3 elementor-grid-tablet-2 elementor-grid-mobile-1 elementor-widget elementor-widget-loop-grid\" data-id=\"6c077f1\" data-element_type=\"widget\" data-settings=\"{&quot;template_id&quot;:2189,&quot;_skin&quot;:&quot;post&quot;,&quot;columns&quot;:&quot;3&quot;,&quot;columns_tablet&quot;:&quot;2&quot;,&quot;columns_mobile&quot;:&quot;1&quot;,&quot;edit_handle_selector&quot;:&quot;[data-elementor-type=\\&quot;loop-item\\&quot;]&quot;,&quot;row_gap&quot;:{&quot;unit&quot;:&quot;px&quot;,&quot;size&quot;:&quot;&quot;,&quot;sizes&quot;:[]},&quot;row_gap_laptop&quot;:{&quot;unit&quot;:&quot;px&quot;,&quot;size&quot;:&quot;&quot;,&quot;sizes&quot;:[]},&quot;row_gap_tablet_extra&quot;:{&quot;unit&quot;:&quot;px&quot;,&quot;size&quot;:&quot;&quot;,&quot;sizes&quot;:[]},&quot;row_gap_tablet&quot;:{&quot;unit&quot;:&quot;px&quot;,&quot;size&quot;:&quot;&quot;,&quot;sizes&quot;:[]},&quot;row_gap_mobile_extra&quot;:{&quot;unit&quot;:&quot;px&quot;,&quot;size&quot;:&quot;&quot;,&quot;sizes&quot;:[]},&quot;row_gap_mobile&quot;:{&quot;unit&quot;:&quot;px&quot;,&quot;size&quot;:&quot;&quot;,&quot;sizes&quot;:[]}}\" data-widget_type=\"loop-grid.post\">\n\t\t\t\t<div class=\"elementor-widget-container\">\n\t\t\t\t\t\t\t<div class=\"elementor-loop-container elementor-grid\" role=\"list\">\n\t\t<style id=\"loop-2189\">.elementor-2189 .elementor-element.elementor-element-992c7c1{--display:flex;--flex-direction:column;--container-widget-width:100%;--container-widget-height:initial;--container-widget-flex-grow:0;--container-widget-align-self:initial;--flex-wrap-mobile:wrap;}.elementor-2189 .elementor-element.elementor-element-03038ef{--display:flex;--padding-top:20px;--padding-bottom:20px;--padding-left:20px;--padding-right:20px;}.elementor-2189 .elementor-element.elementor-element-3d26af4 img{height:240px;object-fit:cover;object-position:center center;border-radius:12px 12px 12px 12px;}.elementor-2189 .elementor-element.elementor-element-0fa3cc6 .elementor-heading-title{font-family:var( --e-global-typography-16a77e2-font-family ), Sans-serif;font-size:var( --e-global-typography-16a77e2-font-size );font-weight:var( --e-global-typography-16a77e2-font-weight );text-transform:var( --e-global-typography-16a77e2-text-transform );line-height:var( --e-global-typography-16a77e2-line-height );letter-spacing:var( --e-global-typography-16a77e2-letter-spacing );}.elementor-2189 .elementor-element.elementor-element-739e3a8{color:#E60000;}.elementor-2189 .elementor-element.elementor-element-739e3a8 a:hover, .elementor-2189 .elementor-element.elementor-element-739e3a8 a:focus{color:var( --e-global-color-primary );}@media(max-width:1366px){.elementor-2189 .elementor-element.elementor-element-0fa3cc6 .elementor-heading-title{font-size:var( --e-global-typography-16a77e2-font-size );line-height:var( --e-global-typography-16a77e2-line-height );letter-spacing:var( --e-global-typography-16a77e2-letter-spacing );}}@media(max-width:1024px){.elementor-2189 .elementor-element.elementor-element-0fa3cc6 .elementor-heading-title{font-size:var( --e-global-typography-16a77e2-font-size );line-height:var( --e-global-typography-16a77e2-line-height );letter-spacing:var( --e-global-typography-16a77e2-letter-spacing );}}@media(max-width:767px){.elementor-2189 .elementor-element.elementor-element-0fa3cc6 .elementor-heading-title{font-size:var( --e-global-typography-16a77e2-font-size );line-height:var( --e-global-typography-16a77e2-line-height );letter-spacing:var( --e-global-typography-16a77e2-letter-spacing );}}\/* Start custom CSS for theme-post-featured-image, class: .elementor-element-3d26af4 *\/.elementor-2189 .elementor-element.elementor-element-3d26af4 img{\n    min-height: 240px !important; \n}\/* End custom CSS *\/<\/style>\t\t<div data-elementor-type=\"loop-item\" data-elementor-id=\"2189\" class=\"elementor elementor-2189 e-loop-item e-loop-item-2407 post-2407 equipment type-equipment status-publish has-post-thumbnail hentry equipments--category-new equipments--category-used\" data-elementor-post-type=\"elementor_library\" data-custom-edit-handle=\"1\">\n\t\t\t<a class=\"elementor-element elementor-element-992c7c1 e-flex e-con-boxed e-con e-parent\" data-id=\"992c7c1\" data-element_type=\"container\" href=\"https:\/\/sentrimax.com\/fr\/equipment\/bird-stainless-steel-24x60-3600-centrifuge-package\/\">\n\t\t\t\t\t<div class=\"e-con-inner\">\n\t\t<div class=\"elementor-element elementor-element-03038ef e-con-full e-flex e-con e-child\" data-id=\"03038ef\" data-element_type=\"container\">\n\t\t\t\t<div class=\"elementor-element elementor-element-3d26af4 new-rental-img elementor-widget elementor-widget-theme-post-featured-image elementor-widget-image\" data-id=\"3d26af4\" data-element_type=\"widget\" data-widget_type=\"theme-post-featured-image.default\">\n\t\t\t\t<div class=\"elementor-widget-container\">\n\t\t\t\t\t\t\t\t\t\t\t\t\t\t\t<img fetchpriority=\"high\" decoding=\"async\" width=\"370\" height=\"493\" src=\"https:\/\/sentrimax.com\/wp-content\/uploads\/2026\/02\/ed908ce6-e38e-4aa0-8ef9-3124ced1423b.png\" class=\"attachment-full size-full wp-image-2408\" alt=\"\" srcset=\"https:\/\/sentrimax.com\/wp-content\/uploads\/2026\/02\/ed908ce6-e38e-4aa0-8ef9-3124ced1423b.png 370w, https:\/\/sentrimax.com\/wp-content\/uploads\/2026\/02\/ed908ce6-e38e-4aa0-8ef9-3124ced1423b-225x300.png 225w, https:\/\/sentrimax.com\/wp-content\/uploads\/2026\/02\/ed908ce6-e38e-4aa0-8ef9-3124ced1423b-9x12.png 9w\" sizes=\"(max-width: 370px) 100vw, 370px\" \/>\t\t\t\t\t\t\t\t\t\t\t\t\t\t\t<\/div>\n\t\t\t\t<\/div>\n\t\t\t\t<div class=\"elementor-element elementor-element-0fa3cc6 elementor-widget elementor-widget-theme-post-title elementor-page-title elementor-widget-heading\" data-id=\"0fa3cc6\" data-element_type=\"widget\" data-widget_type=\"theme-post-title.default\">\n\t\t\t\t<div class=\"elementor-widget-container\">\n\t\t\t\t\t<h4 class=\"elementor-heading-title elementor-size-default\">Bird Stainless Steel 24&#215;60\u201d 3600 Centrifuge package<\/h4>\t\t\t\t<\/div>\n\t\t\t\t<\/div>\n\t\t\t\t<div class=\"elementor-element elementor-element-739e3a8 elementor-widget elementor-widget-text-editor\" data-id=\"739e3a8\" data-element_type=\"widget\" data-widget_type=\"text-editor.default\">\n\t\t\t\t<div class=\"elementor-widget-container\">\n\t\t\t\t\t\t\t\t\t<p>Read More<\/p>\t\t\t\t\t\t\t\t<\/div>\n\t\t\t\t<\/div>\n\t\t\t\t<\/div>\n\t\t\t\t\t<\/div>\n\t\t\t\t<\/a>\n\t\t\t\t<\/div>\n\t\t\t\t<div data-elementor-type=\"loop-item\" data-elementor-id=\"2189\" class=\"elementor elementor-2189 e-loop-item e-loop-item-2143 post-2143 equipment type-equipment status-publish has-post-thumbnail hentry equipments--category-new equipments--category-used\" data-elementor-post-type=\"elementor_library\" data-custom-edit-handle=\"1\">\n\t\t\t<a class=\"elementor-element elementor-element-992c7c1 e-flex e-con-boxed e-con e-parent\" data-id=\"992c7c1\" data-element_type=\"container\" href=\"https:\/\/sentrimax.com\/fr\/equipment\/tomoe-tdm-50-large-end-hub\/\">\n\t\t\t\t\t<div class=\"e-con-inner\">\n\t\t<div class=\"elementor-element elementor-element-03038ef e-con-full e-flex e-con e-child\" data-id=\"03038ef\" data-element_type=\"container\">\n\t\t\t\t<div class=\"elementor-element elementor-element-3d26af4 new-rental-img elementor-widget elementor-widget-theme-post-featured-image elementor-widget-image\" data-id=\"3d26af4\" data-element_type=\"widget\" data-widget_type=\"theme-post-featured-image.default\">\n\t\t\t\t<div class=\"elementor-widget-container\">\n\t\t\t\t\t\t\t\t\t\t\t\t\t\t\t<img decoding=\"async\" width=\"957\" height=\"718\" src=\"https:\/\/sentrimax.com\/wp-content\/uploads\/2025\/05\/c1a73b_185d4207a8124e03a73ad40a18f5bc0amv2-1536x1152-1-e1761192038637.webp\" class=\"attachment-full size-full wp-image-1755\" alt=\"\" \/>\t\t\t\t\t\t\t\t\t\t\t\t\t\t\t<\/div>\n\t\t\t\t<\/div>\n\t\t\t\t<div class=\"elementor-element elementor-element-0fa3cc6 elementor-widget elementor-widget-theme-post-title elementor-page-title elementor-widget-heading\" data-id=\"0fa3cc6\" data-element_type=\"widget\" data-widget_type=\"theme-post-title.default\">\n\t\t\t\t<div class=\"elementor-widget-container\">\n\t\t\t\t\t<h4 class=\"elementor-heading-title elementor-size-default\">Tomoe TDM 50 Large End Hub<\/h4>\t\t\t\t<\/div>\n\t\t\t\t<\/div>\n\t\t\t\t<div class=\"elementor-element elementor-element-739e3a8 elementor-widget elementor-widget-text-editor\" data-id=\"739e3a8\" data-element_type=\"widget\" data-widget_type=\"text-editor.default\">\n\t\t\t\t<div class=\"elementor-widget-container\">\n\t\t\t\t\t\t\t\t\t<p>Read More<\/p>\t\t\t\t\t\t\t\t<\/div>\n\t\t\t\t<\/div>\n\t\t\t\t<\/div>\n\t\t\t\t\t<\/div>\n\t\t\t\t<\/a>\n\t\t\t\t<\/div>\n\t\t\t\t<\/div>\n\t\t\n\t\t\t\t\t\t<\/div>\n\t\t\t\t<\/div>\n\t\t\t\t\t<\/div>\n\t\t\t\t<\/div>\n\t\t\t\t<\/div>\n\t\t","protected":false},"excerpt":{"rendered":"<p>\u00c9quipement pour la maison &gt; \u00c9quipement neuf et d&#039;occasion Vous recherchez une centrifugeuse parfaitement adapt\u00e9e \u00e0 votre budget et \u00e0 vos besoins sp\u00e9cifiques\u00a0? Chez Sentrimax, nous proposons une large s\u00e9lection de centrifugeuses neuves et reconditionn\u00e9es, con\u00e7ues pour r\u00e9pondre \u00e0 vos exigences. Location d&#039;occasion<\/p>","protected":false},"author":1,"featured_media":0,"parent":0,"menu_order":0,"comment_status":"closed","ping_status":"closed","template":"elementor_header_footer","meta":{"_acf_changed":false,"inline_featured_image":false,"footnotes":""},"class_list":["post-275","page","type-page","status-publish","hentry"],"acf":[],"_links":{"self":[{"href":"https:\/\/sentrimax.com\/fr\/wp-json\/wp\/v2\/pages\/275","targetHints":{"allow":["GET"]}}],"collection":[{"href":"https:\/\/sentrimax.com\/fr\/wp-json\/wp\/v2\/pages"}],"about":[{"href":"https:\/\/sentrimax.com\/fr\/wp-json\/wp\/v2\/types\/page"}],"author":[{"embeddable":true,"href":"https:\/\/sentrimax.com\/fr\/wp-json\/wp\/v2\/users\/1"}],"replies":[{"embeddable":true,"href":"https:\/\/sentrimax.com\/fr\/wp-json\/wp\/v2\/comments?post=275"}],"version-history":[{"count":1,"href":"https:\/\/sentrimax.com\/fr\/wp-json\/wp\/v2\/pages\/275\/revisions"}],"predecessor-version":[{"id":2397,"href":"https:\/\/sentrimax.com\/fr\/wp-json\/wp\/v2\/pages\/275\/revisions\/2397"}],"wp:attachment":[{"href":"https:\/\/sentrimax.com\/fr\/wp-json\/wp\/v2\/media?parent=275"}],"curies":[{"name":"wp","href":"https:\/\/api.w.org\/{rel}","templated":true}]}}